{"id":42,"date":"2024-10-08T20:28:56","date_gmt":"2024-10-09T01:28:56","guid":{"rendered":"https:\/\/palmicucuta.com\/index.php\/home\/"},"modified":"2024-11-13T23:08:51","modified_gmt":"2024-11-14T04:08:51","slug":"home","status":"publish","type":"page","link":"https:\/\/palmicucuta.com\/","title":{"rendered":"Home"},"content":{"rendered":"\n\n\n\n\n\n\n\n\n<h2>100% Calidad<\/h2>\n<h2>Palmicucuta<\/h2>\n\n\n\n\n\n\n\n\n\n\n\n\n\n\n\n\n\n\n\n\n\n<h2 align=\"justify\">AGROINDUSTRIA PALMICUCUTA S.A.S<\/h2>\n<h2 align=\"justify\">Bienvenidos a AGROINDUSTRIA PALMICUCUTA S.A.S., donde combinamos m\u00e1s de 30 a\u00f1os de experiencia en el sector agropecuario con pr\u00e1cticas innovadoras en el cultivo de palma de aceite y ganader\u00eda de engorde. Ubicados estrat\u00e9gicamente en el valle del r\u00edo Zulia y bajo el r\u00e9gimen ZESE, ofrecemos productos de calidad con un enfoque en la sostenibilidad y el desarrollo del sector. \u00a1Conoce m\u00e1s sobre nuestro compromiso con la tierra y el futuro de la agroindustria!<\/h2>\n<h2 align=\"justify\">Hacemos parte del sistema Distrito  De Riego del Rio Zulia que tiene una cobertura aproximada de 15 mil hect\u00e1reas, con 340 km en canales de riego y drenajes,  estamos conectados al sistema por medio del Minidistrito de riego ASUVEGA. \nNos encontramos ubicados en la infraestructura h\u00eddrica para la agricultura de mayor desarrollo en Norte de Santander, que seg\u00fan estudios de Agrosavia tiene un potencial de crecimiento de 10 mil Hect\u00e1reas para palma de aceite a lo largo del valle del Rio Zulia.\n<\/h2>\n\n\n\n\n\n\nCultivo de Palma de Aceite.\nVivero de Palma de Aceite\nGanader\u00eda engorde semintensiva\n\n\n\n\n\n\n\n\n\n\n\n\n\n<h2>Nuestros Productos<\/h2>\n\n\n\n\n\nAGROINDUSTRIA PALMICUCUTA S.A.S. cuenta con cultivos de palma de aceite tecnificados con sistemas de riego proveniente del Mini distrito de riego ASUVEGA y una infraestructura que incluye 70 hect\u00e1reas con 5 reservorios para suministro de agua y 4 cuartos de m\u00e1quinas, garantizamos una producci\u00f3n eficiente y sostenible de este importante producto agr\u00edcola.\n\n\n\n\n<p><span style=\"font-family: var(--pagelayer-font-text-font-family); font-size: var(--pagelayer-font-text-font-size); font-weight: var(--pagelayer-font-text-font-weight);\">Nuestro vivero certificado por el ICA \ntiene una capacidad instalada para la producci\u00f3n de 90 mil pl\u00e1ntulas de palma de aceite por a\u00f1o, cultivadas con semillas certificadas de laboratorios nacionales e internacionales, aseguramos la calidad y sostenibilidad del proceso de siembra, apoyado por infraestructura de riego avanzada.<\/span><br><\/p>\n\n\n\nNuestra l\u00ednea de negocios en ganader\u00eda de engorde, implementada con  un modelo semi-intensivo, fundamentado en la rotaci\u00f3n de potreros, la alimentaci\u00f3n con Henolaje de pasto Angleton  y el uso de otros subproductos de procesos agroindustriales,  logrando un rendimiento promedio de 900 gramos por d\u00eda por novillo.\n\n\n","protected":false},"excerpt":{"rendered":"","protected":false},"author":1,"featured_media":0,"parent":0,"menu_order":0,"comment_status":"closed","ping_status":"closed","template":"","meta":{"_themeisle_gutenberg_block_has_review":false,"footnotes":""},"class_list":["post-42","page","type-page","status-publish","hentry"],"_links":{"self":[{"href":"https:\/\/palmicucuta.com\/index.php\/wp-json\/wp\/v2\/pages\/42","targetHints":{"allow":["GET"]}}],"collection":[{"href":"https:\/\/palmicucuta.com\/index.php\/wp-json\/wp\/v2\/pages"}],"about":[{"href":"https:\/\/palmicucuta.com\/index.php\/wp-json\/wp\/v2\/types\/page"}],"author":[{"embeddable":true,"href":"https:\/\/palmicucuta.com\/index.php\/wp-json\/wp\/v2\/users\/1"}],"replies":[{"embeddable":true,"href":"https:\/\/palmicucuta.com\/index.php\/wp-json\/wp\/v2\/comments?post=42"}],"version-history":[{"count":19,"href":"https:\/\/palmicucuta.com\/index.php\/wp-json\/wp\/v2\/pages\/42\/revisions"}],"predecessor-version":[{"id":155,"href":"https:\/\/palmicucuta.com\/index.php\/wp-json\/wp\/v2\/pages\/42\/revisions\/155"}],"wp:attachment":[{"href":"https:\/\/palmicucuta.com\/index.php\/wp-json\/wp\/v2\/media?parent=42"}],"curies":[{"name":"wp","href":"https:\/\/api.w.org\/{rel}","templated":true}]}}