{"id":89,"date":"2024-10-08T23:29:18","date_gmt":"2024-10-09T04:29:18","guid":{"rendered":"https:\/\/palmicucuta.com\/?page_id=89"},"modified":"2024-11-13T23:11:14","modified_gmt":"2024-11-14T04:11:14","slug":"valores-agregados","status":"publish","type":"page","link":"https:\/\/palmicucuta.com\/index.php\/valores-agregados\/","title":{"rendered":"Valores Agregados"},"content":{"rendered":"\n\n\n<h2><span style=\"font-size:11.0pt;line-height:107%;\nfont-family:&quot;Calibri&quot;,sans-serif;mso-ascii-theme-font:minor-latin;mso-fareast-font-family:\nCalibri;mso-fareast-theme-font:minor-latin;mso-hansi-theme-font:minor-latin;\nmso-bidi-font-family:&quot;Times New Roman&quot;;mso-bidi-theme-font:minor-bidi;\nmso-ansi-language:ES-CO;mso-fareast-language:EN-US;mso-bidi-language:AR-SA\">Valores\nAgregados<\/span><br><\/h2>\n\n\n\n\n<h2><span style=\"font-size:11.0pt;line-height:107%;\nfont-family:&quot;Calibri&quot;,sans-serif;mso-ascii-theme-font:minor-latin;mso-fareast-font-family:\nCalibri;mso-fareast-theme-font:minor-latin;mso-hansi-theme-font:minor-latin;\nmso-bidi-font-family:&quot;Times New Roman&quot;;mso-bidi-theme-font:minor-bidi;\nmso-ansi-language:ES-CO;mso-fareast-language:EN-US;mso-bidi-language:AR-SA\">Infraestructura\ny Tecnolog\u00eda<\/span><br><\/h2>\n<h2><span style=\"font-size:11.0pt;line-height:107%;\nfont-family:&quot;Calibri&quot;,sans-serif;mso-ascii-theme-font:minor-latin;mso-fareast-font-family:\nCalibri;mso-fareast-theme-font:minor-latin;mso-hansi-theme-font:minor-latin;\nmso-bidi-font-family:&quot;Times New Roman&quot;;mso-bidi-theme-font:minor-bidi;\nmso-ansi-language:ES-CO;mso-fareast-language:EN-US;mso-bidi-language:AR-SA\">La\ninfraestructura de AGROINDUSTRIA PALMICUCUTA S.A.S. est\u00e1 dise\u00f1ada para\noptimizar la eficiencia y sostenibilidad en cada una de nuestras \u00e1reas de\noperaci\u00f3n. Contamos con instalaciones y tecnolog\u00eda de vanguardia que garantizan\nla calidad en la producci\u00f3n de palma de aceite y la ganader\u00eda de engorde. A\ncontinuaci\u00f3n, se detallan los principales componentes de nuestra\ninfraestructura:<\/span><br><\/h2>\n\n\n\n\n\n\n<h2><span style=\"font-size:11.0pt;line-height:107%;\nfont-family:&quot;Calibri&quot;,sans-serif;mso-ascii-theme-font:minor-latin;mso-fareast-font-family:\nCalibri;mso-fareast-theme-font:minor-latin;mso-hansi-theme-font:minor-latin;\nmso-bidi-font-family:&quot;Times New Roman&quot;;mso-bidi-theme-font:minor-bidi;\nmso-ansi-language:ES-CO;mso-fareast-language:EN-US;mso-bidi-language:AR-SA\">Sistema\nde Riego Tecnificado<\/span><br><\/h2>\n<p align=\"justify\"><b>Mini distrito de riego ASUVEGA:<\/b> Nuestra infraestructura de riego se alimenta principalmente del Mini distrito de riego ASUVEGA, el cual suministra agua a nuestros cutivos de palma de aceite y a las \u00e1reas dedicadas a la ganader\u00eda.<\/p>\n<p align=\"justify\"><b>Riego en el vivero: <\/b>Nuestro vivero cuenta con un sistema de riego independiente, dise\u00f1ado espec\u00edficamente para mantener las condiciones \u00f3ptimas de humedad, lo que permite la producci\u00f3n de hasta 90 mil pl\u00e1ntulas de palma de aceite al a\u00f1o.<\/p>\n\n\n\n\n\n\n\n\n\n\n<h2><span style=\"font-size:11.0pt;line-height:107%;\nfont-family:&quot;Calibri&quot;,sans-serif;mso-ascii-theme-font:minor-latin;mso-fareast-font-family:\nCalibri;mso-fareast-theme-font:minor-latin;mso-hansi-theme-font:minor-latin;\nmso-bidi-font-family:&quot;Times New Roman&quot;;mso-bidi-theme-font:minor-bidi;\nmso-ansi-language:ES-CO;mso-fareast-language:EN-US;mso-bidi-language:AR-SA\">Cuartos\nde M\u00e1quinas<\/span><br><\/h2>\n<p align=\"justify\"><b>Infraestructura tecnificada: <\/b>Los cuartos de m\u00e1quinas, equipados con bombas de alta capacidad y tecnolog\u00eda de automatizaci\u00f3n, son fundamentales para asegurar el suministro constante de agua a trav\u00e9s de nuestros sistemas de riego. Esta infraestructura tambi\u00e9n incluye sistemas de monitoreo remoto para garantizar la operaci\u00f3n eficiente y el mantenimiento preventivo de todo el sistema.<\/p>\n\n\n\n\n<h2><span style=\"font-size:11.0pt;line-height:107%;\nfont-family:&quot;Calibri&quot;,sans-serif;mso-ascii-theme-font:minor-latin;mso-fareast-font-family:\nCalibri;mso-fareast-theme-font:minor-latin;mso-hansi-theme-font:minor-latin;\nmso-bidi-font-family:&quot;Times New Roman&quot;;mso-bidi-theme-font:minor-bidi;\nmso-ansi-language:ES-CO;mso-fareast-language:EN-US;mso-bidi-language:AR-SA\">Vivero\nde Palma de Aceite<\/span><br><\/h2>\n<p align=\"justify\"><b>Capacidad de producci\u00f3n:<\/b> Con una capacidad instalada para producir 90 mil pl\u00e1ntulas anuales, nuestro vivero est\u00e1 certificado por el ICA y utiliza semillas certificadas de laboratorios de prestigio a nivel nacional e internacional. Este vivero est\u00e1 equipado con infraestructura de riego tecnificada, reservorios para asegurar el abastecimiento h\u00eddrico continuo, y espacios dise\u00f1ados para favorecer el crecimiento saludable de las pl\u00e1ntulas.<\/p>\n<p align=\"justify\"><b>Control de calidad: <\/b>Adem\u00e1s, el vivero cuenta con procesos rigurosos de control de calidad que aseguran que cada pl\u00e1ntula cumpla con los est\u00e1ndares fitosanitarios necesarios, garantizando su viabilidad y productividad.<\/p>\n\n\n\n\n\n\n\n\n\n\n<h2><span style=\"font-size:11.0pt;line-height:107%;\nfont-family:&quot;Calibri&quot;,sans-serif;mso-ascii-theme-font:minor-latin;mso-fareast-font-family:\nCalibri;mso-fareast-theme-font:minor-latin;mso-hansi-theme-font:minor-latin;\nmso-bidi-font-family:&quot;Times New Roman&quot;;mso-bidi-theme-font:minor-bidi;\nmso-ansi-language:ES-CO;mso-fareast-language:EN-US;mso-bidi-language:AR-SA\">Espacios\nConfinamiento<\/span><br><\/h2>\n<p align=\"justify\">Contamos con vaqueras especializadas para el suministro  de henolaje y suplementos para el engorde de ganado, facilitando las condiciones necesarias para un rendimiento optimo y de calidad enfocado en el buen trato y manejo de los animales.<\/p>\n\n\n\n\n\n\n","protected":false},"excerpt":{"rendered":"","protected":false},"author":1,"featured_media":0,"parent":0,"menu_order":0,"comment_status":"closed","ping_status":"closed","template":"","meta":{"_themeisle_gutenberg_block_has_review":false,"footnotes":""},"class_list":["post-89","page","type-page","status-publish","hentry"],"_links":{"self":[{"href":"https:\/\/palmicucuta.com\/index.php\/wp-json\/wp\/v2\/pages\/89","targetHints":{"allow":["GET"]}}],"collection":[{"href":"https:\/\/palmicucuta.com\/index.php\/wp-json\/wp\/v2\/pages"}],"about":[{"href":"https:\/\/palmicucuta.com\/index.php\/wp-json\/wp\/v2\/types\/page"}],"author":[{"embeddable":true,"href":"https:\/\/palmicucuta.com\/index.php\/wp-json\/wp\/v2\/users\/1"}],"replies":[{"embeddable":true,"href":"https:\/\/palmicucuta.com\/index.php\/wp-json\/wp\/v2\/comments?post=89"}],"version-history":[{"count":12,"href":"https:\/\/palmicucuta.com\/index.php\/wp-json\/wp\/v2\/pages\/89\/revisions"}],"predecessor-version":[{"id":160,"href":"https:\/\/palmicucuta.com\/index.php\/wp-json\/wp\/v2\/pages\/89\/revisions\/160"}],"wp:attachment":[{"href":"https:\/\/palmicucuta.com\/index.php\/wp-json\/wp\/v2\/media?parent=89"}],"curies":[{"name":"wp","href":"https:\/\/api.w.org\/{rel}","templated":true}]}}